{"id":93,"date":"2023-11-10T12:01:53","date_gmt":"2023-11-10T11:01:53","guid":{"rendered":"https:\/\/nouveau.hebergement-picdanie.fr\/wordpress\/?page_id=93"},"modified":"2026-01-07T15:31:45","modified_gmt":"2026-01-07T14:31:45","slug":"reservation-devis","status":"publish","type":"page","link":"https:\/\/hebergement-picdanie.fr\/wordpress\/reservation-devis\/","title":{"rendered":"R\u00e9servation\/Devis"},"content":{"rendered":"\n<h3 class=\"wp-block-heading has-text-align-center\">Moyens de paiement accept\u00e9s:<\/h3>\n\n\n\n<p class=\"has-text-align-center\"><strong><em>Esp\u00e8ces, carte, ANCV, ch\u00e8ques, virement<\/em><\/strong><\/p>\n\n\n\n<div class=\"wp-block-uagb-image aligncenter uagb-block-bf646bc6 wp-block-uagb-image--layout-default wp-block-uagb-image--effect-static wp-block-uagb-image--align-center\"><figure class=\"wp-block-uagb-image__figure\"><img data-recalc-dims=\"1\" decoding=\"async\" srcset=\"https:\/\/hebergement-picdanie.fr\/wordpress\/wp-content\/uploads\/2023\/12\/Moyens-de-paiement_2.png ,https:\/\/nouveau.hebergement-picdanie.fr\/wordpress\/wp-content\/uploads\/2023\/12\/Moyens-de-paiement_2.png 780w, https:\/\/nouveau.hebergement-picdanie.fr\/wordpress\/wp-content\/uploads\/2023\/12\/Moyens-de-paiement_2.png 360w\" sizes=\"auto, (max-width: 480px) 150px\" src=\"https:\/\/i0.wp.com\/hebergement-picdanie.fr\/wordpress\/wp-content\/uploads\/2023\/12\/Moyens-de-paiement_2.png?resize=225%2C184&#038;ssl=1\" alt=\"moyens de paiement accept\u00e9s\" class=\"uag-image-369\" width=\"225\" height=\"184\" title=\"\" loading=\"lazy\" role=\"img\"\/><\/figure><\/div>\n\n\n\n<div class=\"wp-block-group has-border-color has-vivid-red-border-color has-primary-background-color has-background is-vertical is-content-justification-center is-layout-flex wp-container-core-group-is-layout-0a8813e4 wp-block-group-is-layout-flex\" style=\"margin-top:var(--wp--preset--spacing--30);margin-bottom:var(--wp--preset--spacing--30)\">\n<h3 class=\"wp-block-heading has-text-align-center has-border-color has-vivid-red-border-color has-vivid-red-color has-text-color has-background has-link-color has-extra-large-font-size wp-elements-86d009d24dce10e93ee4c62c70428f18\" style=\"background-color:#de9d528a;font-style:normal;font-weight:300\">Conditions de location Hiver 2026 <\/h3>\n\n\n\n<ul class=\"wp-block-list\">\n<li>Le g\u00eete d&rsquo;\u00e9tape ne peut \u00eatre r\u00e9serv\u00e9 que par des groupes de minimum 5 personnes et 2 nuit\u00e9es. (pour des raisons de co\u00fbt du chauffage). <\/li>\n\n\n\n<li>Nous sommes ouvert en chambre d&rsquo;h\u00f4tes avec restauration du jeudi au dimanche. <\/li>\n\n\n\n<li>Les 2 appartements sont accessible en location \u00e0 partir de 3 nuit\u00e9es. <\/li>\n<\/ul>\n<\/div>\n\n\n\n<h2 class=\"wp-block-heading has-medium-font-size\">R\u00e9server une chambre ou un lit au g\u00eete d&rsquo;\u00e9tape <a href=\"https:\/\/hebergement-picdanie.fr\/wordpress\/conditions-generales-de-vente\/\">(consulter nos conditions g\u00e9n\u00e9rales de ventes)<\/a>:<\/h2>\n\n\n\n<p class=\"has-text-align-left has-medium-font-size\"><strong>Pour toutes demandes pour des devis pour des groupes ou utiliser \u00e0 la fois le g\u00eete et les chambres ou plusieurs jours discontinus&#8230; <\/strong><\/p>\n\n\n\n<p class=\"has-text-align-left has-medium-font-size\"><strong>Envoyez simplement un email ou t\u00e9l\u00e9phonez-nous en nous donnant le plus de d\u00e9tails sur vos besoins. <\/strong><\/p>\n\n\n\n<div class=\"wpcf7 no-js\" id=\"wpcf7-f86-o1\" lang=\"fr-FR\" dir=\"ltr\" data-wpcf7-id=\"86\">\n<div class=\"screen-reader-response\"><p role=\"status\" aria-live=\"polite\" aria-atomic=\"true\"><\/p> <ul><\/ul><\/div>\n<form action=\"\/wordpress\/wp-json\/wp\/v2\/pages\/93#wpcf7-f86-o1\" method=\"post\" class=\"wpcf7-form init\" aria-label=\"Formulaire de contact\" novalidate=\"novalidate\" data-status=\"init\">\n<fieldset class=\"hidden-fields-container\"><input type=\"hidden\" name=\"_wpcf7\" value=\"86\" \/><input type=\"hidden\" name=\"_wpcf7_version\" value=\"6.1.4\" \/><input type=\"hidden\" name=\"_wpcf7_locale\" value=\"fr_FR\" \/><input type=\"hidden\" name=\"_wpcf7_unit_tag\" value=\"wpcf7-f86-o1\" \/><input type=\"hidden\" name=\"_wpcf7_container_post\" value=\"0\" \/><input type=\"hidden\" name=\"_wpcf7_posted_data_hash\" value=\"\" \/><input type=\"hidden\" name=\"_wpcf7cf_hidden_group_fields\" value=\"[]\" \/><input type=\"hidden\" name=\"_wpcf7cf_hidden_groups\" value=\"[]\" \/><input type=\"hidden\" name=\"_wpcf7cf_visible_groups\" value=\"[]\" \/><input type=\"hidden\" name=\"_wpcf7cf_repeaters\" value=\"[]\" \/><input type=\"hidden\" name=\"_wpcf7cf_steps\" value=\"{}\" \/><input type=\"hidden\" name=\"_wpcf7cf_options\" value=\"{&quot;form_id&quot;:86,&quot;conditions&quot;:[{&quot;then_field&quot;:&quot;group-817&quot;,&quot;and_rules&quot;:[{&quot;if_field&quot;:&quot;menu-469&quot;,&quot;operator&quot;:&quot;not equals&quot;,&quot;if_value&quot;:&quot;G\\u00eete rural&quot;}]}],&quot;settings&quot;:{&quot;animation&quot;:&quot;yes&quot;,&quot;animation_intime&quot;:200,&quot;animation_outtime&quot;:200,&quot;conditions_ui&quot;:&quot;normal&quot;,&quot;notice_dismissed&quot;:false,&quot;notice_dismissed_rollback-cf7-5.8.3&quot;:true,&quot;notice_dismissed_rollback-cf7-5.8.5&quot;:true,&quot;notice_dismissed_rollback-cf7-5.8.7&quot;:true}}\" \/><input type=\"hidden\" name=\"_wpcf7_recaptcha_response\" value=\"\" \/>\n<\/fieldset>\n<p><label> Votre nom<br \/>\n<span class=\"wpcf7-form-control-wrap\" data-name=\"your-name\"><input size=\"40\" maxlength=\"400\" class=\"wpcf7-form-control wpcf7-text wpcf7-validates-as-required\" autocomplete=\"name\" aria-required=\"true\" aria-invalid=\"false\" value=\"\" type=\"text\" name=\"your-name\" \/><\/span> <\/label>\n<\/p>\n<p><label> Votre e-mail<br \/>\n<span class=\"wpcf7-form-control-wrap\" data-name=\"your-email\"><input size=\"40\" maxlength=\"400\" class=\"wpcf7-form-control wpcf7-email wpcf7-validates-as-required wpcf7-text wpcf7-validates-as-email\" autocomplete=\"email\" aria-required=\"true\" aria-invalid=\"false\" value=\"\" type=\"email\" name=\"your-email\" \/><\/span> <\/label>\n<\/p>\n<p><label> Votre t\u00e9l\u00e9phone<br \/>\n<span class=\"wpcf7-form-control-wrap\" data-name=\"tel-280\"><input size=\"40\" maxlength=\"400\" class=\"wpcf7-form-control wpcf7-tel wpcf7-validates-as-required wpcf7-text wpcf7-validates-as-tel\" aria-required=\"true\" aria-invalid=\"false\" placeholder=\"\" value=\"\" type=\"tel\" name=\"tel-280\" \/><\/span> <\/label><br \/>\n<label>Merci de renseigner correctement les dates de s\u00e9jour pour \u00e9viter toutes erreurs.<\/label><br \/>\n<label>Arriv\u00e9e le <span class=\"wpcf7-form-control-wrap\" data-name=\"date-915\"><input class=\"wpcf7-form-control wpcf7-date wpcf7-validates-as-date\" aria-invalid=\"false\" value=\"\" type=\"date\" name=\"date-915\" \/><\/span><\/label><label>D\u00e9part le <span class=\"wpcf7-form-control-wrap\" data-name=\"date-916\"><input class=\"wpcf7-form-control wpcf7-date wpcf7-validates-as-date\" aria-invalid=\"false\" value=\"\" type=\"date\" name=\"date-916\" \/><\/span><\/label>\n<\/p>\n<p><label>Type d'h\u00e9bergement: <span class=\"wpcf7-form-control-wrap\" data-name=\"menu-469\"><select class=\"wpcf7-form-control wpcf7-select formulaire\" aria-invalid=\"false\" name=\"menu-469\"><option value=\"Chambre\">Chambre<\/option><option value=\"G\u00eete d&#039;\u00e9tape\">G\u00eete d&#039;\u00e9tape<\/option><option value=\"G\u00eete rural\">G\u00eete rural<\/option><\/select><\/span><\/label>\n<\/p>\n<div data-id=\"group-817\" data-orig_data_id=\"group-817\"  class=\"\" data-class=\"wpcf7cf_group\">\n\t<p><span class=\"wpcf7-form-control-wrap\" data-name=\"checkbox-882\"><span class=\"wpcf7-form-control wpcf7-checkbox wpcf7-exclusive-checkbox\"><span class=\"wpcf7-list-item first\"><label><input type=\"checkbox\" name=\"checkbox-882\" value=\"Demi-pension:D\u00eener et petit d\u00e9jeuner\" \/><span class=\"wpcf7-list-item-label\">Demi-pension:D\u00eener et petit d\u00e9jeuner<\/span><\/label><\/span><span class=\"wpcf7-list-item last\"><label><input type=\"checkbox\" name=\"checkbox-882\" value=\"Petit d\u00e9jeuner seulement\" \/><span class=\"wpcf7-list-item-label\">Petit d\u00e9jeuner seulement<\/span><\/label><\/span><\/span><\/span>\n\t<\/p>\n<\/div>\n<p><label> Nombre de personnes: <span class=\"wpcf7-form-control-wrap\" data-name=\"number-575\"><input class=\"wpcf7-form-control wpcf7-number wpcf7-validates-as-number\" aria-invalid=\"false\" value=\"\" type=\"number\" name=\"number-575\" \/><\/span><\/label>\n<\/p>\n<p><label> Votre message<br \/>\n<span class=\"wpcf7-form-control-wrap\" data-name=\"your-message\"><textarea cols=\"40\" rows=\"10\" maxlength=\"2000\" class=\"wpcf7-form-control wpcf7-textarea\" aria-invalid=\"false\" placeholder=\"Donner ici toutes informations compl\u00e9mentaire: allergie alimentaire, animal de compagnie, ...\" name=\"your-message\"><\/textarea><\/span> <\/label>\n<\/p>\n<p><input class=\"wpcf7-form-control wpcf7-submit has-spinner\" type=\"submit\" value=\"Envoyer\" \/>\n<\/p><p style=\"display: none !important;\" class=\"akismet-fields-container\" data-prefix=\"_wpcf7_ak_\"><label>&#916;<textarea name=\"_wpcf7_ak_hp_textarea\" cols=\"45\" rows=\"8\" maxlength=\"100\"><\/textarea><\/label><input type=\"hidden\" id=\"ak_js_1\" name=\"_wpcf7_ak_js\" value=\"93\"\/><script>document.getElementById( \"ak_js_1\" ).setAttribute( \"value\", ( new Date() ).getTime() );<\/script><\/p><div class=\"wpcf7-response-output\" aria-hidden=\"true\"><\/div>\n<\/form>\n<\/div>\n\n","protected":false},"excerpt":{"rendered":"<p>Moyens de paiement accept\u00e9s: Esp\u00e8ces, carte, ANCV, ch\u00e8ques, virement Conditions de location Hiver 2026 R\u00e9server une chambre ou un lit au g\u00eete d&rsquo;\u00e9tape (consulter nos conditions g\u00e9n\u00e9rales de ventes): Pour toutes demandes pour des devis pour des groupes ou utiliser \u00e0 la fois le g\u00eete et les chambres ou plusieurs jours discontinus&#8230; Envoyez simplement un [&hellip;]<\/p>\n","protected":false},"author":1,"featured_media":0,"parent":0,"menu_order":0,"comment_status":"closed","ping_status":"closed","template":"","meta":{"_uag_custom_page_level_css":"","_monsterinsights_skip_tracking":false,"_monsterinsights_sitenote_active":false,"_monsterinsights_sitenote_note":"","_monsterinsights_sitenote_category":0,"footnotes":""},"class_list":["post-93","page","type-page","status-publish","hentry"],"yoast_head":"<!-- This site is optimized with the Yoast SEO plugin v26.6 - https:\/\/yoast.com\/wordpress\/plugins\/seo\/ -->\n<title>R\u00e9servation\/Devis - H\u00e9bergements du Pic d&#039;Anie<\/title>\n<meta name=\"description\" content=\"Contactez-nous pour r\u00e9server votre s\u00e9jour \u00e0 LESCUN. Choisissez la location qui vous convient pour profitez de vos vacances.\" \/>\n<meta name=\"robots\" content=\"index, follow, max-snippet:-1, max-image-preview:large, max-video-preview:-1\" \/>\n<link rel=\"canonical\" href=\"https:\/\/hebergement-picdanie.fr\/wordpress\/reservation-devis\/\" \/>\n<meta property=\"og:locale\" content=\"fr_FR\" \/>\n<meta property=\"og:type\" content=\"article\" \/>\n<meta property=\"og:title\" content=\"R\u00e9servation\/Devis - H\u00e9bergements du Pic d&#039;Anie\" \/>\n<meta property=\"og:description\" content=\"Contactez-nous pour r\u00e9server votre s\u00e9jour \u00e0 LESCUN. Choisissez la location qui vous convient pour profitez de vos vacances.\" \/>\n<meta property=\"og:url\" content=\"https:\/\/hebergement-picdanie.fr\/wordpress\/reservation-devis\/\" \/>\n<meta property=\"og:site_name\" content=\"H\u00e9bergements du Pic d&#039;Anie\" \/>\n<meta property=\"article:publisher\" content=\"https:\/\/fr-fr.facebook.com\/Picdanie\/\" \/>\n<meta property=\"article:modified_time\" content=\"2026-01-07T14:31:45+00:00\" \/>\n<meta property=\"og:image\" content=\"https:\/\/hebergement-picdanie.fr\/wordpress\/wp-content\/uploads\/2023\/12\/Moyens-de-paiement_2.png\" \/>\n<meta name=\"twitter:card\" content=\"summary_large_image\" \/>\n<meta name=\"twitter:label1\" content=\"Dur\u00e9e de lecture estim\u00e9e\" \/>\n\t<meta name=\"twitter:data1\" content=\"1 minute\" \/>\n<script type=\"application\/ld+json\" class=\"yoast-schema-graph\">{\"@context\":\"https:\/\/schema.org\",\"@graph\":[{\"@type\":\"WebPage\",\"@id\":\"https:\/\/hebergement-picdanie.fr\/wordpress\/reservation-devis\/\",\"url\":\"https:\/\/hebergement-picdanie.fr\/wordpress\/reservation-devis\/\",\"name\":\"R\u00e9servation\/Devis - H\u00e9bergements du Pic d&#039;Anie\",\"isPartOf\":{\"@id\":\"https:\/\/hebergement-picdanie.fr\/wordpress\/#website\"},\"primaryImageOfPage\":{\"@id\":\"https:\/\/hebergement-picdanie.fr\/wordpress\/reservation-devis\/#primaryimage\"},\"image\":{\"@id\":\"https:\/\/hebergement-picdanie.fr\/wordpress\/reservation-devis\/#primaryimage\"},\"thumbnailUrl\":\"https:\/\/hebergement-picdanie.fr\/wordpress\/wp-content\/uploads\/2023\/12\/Moyens-de-paiement_2.png\",\"datePublished\":\"2023-11-10T11:01:53+00:00\",\"dateModified\":\"2026-01-07T14:31:45+00:00\",\"description\":\"Contactez-nous pour r\u00e9server votre s\u00e9jour \u00e0 LESCUN. Choisissez la location qui vous convient pour profitez de vos vacances.\",\"breadcrumb\":{\"@id\":\"https:\/\/hebergement-picdanie.fr\/wordpress\/reservation-devis\/#breadcrumb\"},\"inLanguage\":\"fr-FR\",\"potentialAction\":[{\"@type\":\"ReadAction\",\"target\":[\"https:\/\/hebergement-picdanie.fr\/wordpress\/reservation-devis\/\"]}]},{\"@type\":\"ImageObject\",\"inLanguage\":\"fr-FR\",\"@id\":\"https:\/\/hebergement-picdanie.fr\/wordpress\/reservation-devis\/#primaryimage\",\"url\":\"https:\/\/i0.wp.com\/hebergement-picdanie.fr\/wordpress\/wp-content\/uploads\/2023\/12\/Moyens-de-paiement_2.png?fit=711%2C581&ssl=1\",\"contentUrl\":\"https:\/\/i0.wp.com\/hebergement-picdanie.fr\/wordpress\/wp-content\/uploads\/2023\/12\/Moyens-de-paiement_2.png?fit=711%2C581&ssl=1\",\"width\":711,\"height\":581},{\"@type\":\"BreadcrumbList\",\"@id\":\"https:\/\/hebergement-picdanie.fr\/wordpress\/reservation-devis\/#breadcrumb\",\"itemListElement\":[{\"@type\":\"ListItem\",\"position\":1,\"name\":\"Accueil\",\"item\":\"https:\/\/hebergement-picdanie.fr\/wordpress\/\"},{\"@type\":\"ListItem\",\"position\":2,\"name\":\"R\u00e9servation\/Devis\"}]},{\"@type\":\"WebSite\",\"@id\":\"https:\/\/hebergement-picdanie.fr\/wordpress\/#website\",\"url\":\"https:\/\/hebergement-picdanie.fr\/wordpress\/\",\"name\":\"H\u00e9bergements du Pic d&#039;Anie\",\"description\":\"Location de vacances\",\"publisher\":{\"@id\":\"https:\/\/hebergement-picdanie.fr\/wordpress\/#organization\"},\"potentialAction\":[{\"@type\":\"SearchAction\",\"target\":{\"@type\":\"EntryPoint\",\"urlTemplate\":\"https:\/\/hebergement-picdanie.fr\/wordpress\/?s={search_term_string}\"},\"query-input\":{\"@type\":\"PropertyValueSpecification\",\"valueRequired\":true,\"valueName\":\"search_term_string\"}}],\"inLanguage\":\"fr-FR\"},{\"@type\":\"Organization\",\"@id\":\"https:\/\/hebergement-picdanie.fr\/wordpress\/#organization\",\"name\":\"H\u00e9bergements du Pic d'Anie - LESCUN\",\"url\":\"https:\/\/hebergement-picdanie.fr\/wordpress\/\",\"logo\":{\"@type\":\"ImageObject\",\"inLanguage\":\"fr-FR\",\"@id\":\"https:\/\/hebergement-picdanie.fr\/wordpress\/#\/schema\/logo\/image\/\",\"url\":\"https:\/\/i0.wp.com\/hebergement-picdanie.fr\/wordpress\/wp-content\/uploads\/2024\/01\/Carte_visite_Hebergement_avril19_RECTO.jpg?fit=1004%2C650&ssl=1\",\"contentUrl\":\"https:\/\/i0.wp.com\/hebergement-picdanie.fr\/wordpress\/wp-content\/uploads\/2024\/01\/Carte_visite_Hebergement_avril19_RECTO.jpg?fit=1004%2C650&ssl=1\",\"width\":1004,\"height\":650,\"caption\":\"H\u00e9bergements du Pic d'Anie - LESCUN\"},\"image\":{\"@id\":\"https:\/\/hebergement-picdanie.fr\/wordpress\/#\/schema\/logo\/image\/\"},\"sameAs\":[\"https:\/\/fr-fr.facebook.com\/Picdanie\/\"]}]}<\/script>\n<!-- \/ Yoast SEO plugin. -->","yoast_head_json":{"title":"R\u00e9servation\/Devis - H\u00e9bergements du Pic d&#039;Anie","description":"Contactez-nous pour r\u00e9server votre s\u00e9jour \u00e0 LESCUN. Choisissez la location qui vous convient pour profitez de vos vacances.","robots":{"index":"index","follow":"follow","max-snippet":"max-snippet:-1","max-image-preview":"max-image-preview:large","max-video-preview":"max-video-preview:-1"},"canonical":"https:\/\/hebergement-picdanie.fr\/wordpress\/reservation-devis\/","og_locale":"fr_FR","og_type":"article","og_title":"R\u00e9servation\/Devis - H\u00e9bergements du Pic d&#039;Anie","og_description":"Contactez-nous pour r\u00e9server votre s\u00e9jour \u00e0 LESCUN. Choisissez la location qui vous convient pour profitez de vos vacances.","og_url":"https:\/\/hebergement-picdanie.fr\/wordpress\/reservation-devis\/","og_site_name":"H\u00e9bergements du Pic d&#039;Anie","article_publisher":"https:\/\/fr-fr.facebook.com\/Picdanie\/","article_modified_time":"2026-01-07T14:31:45+00:00","og_image":[{"url":"https:\/\/hebergement-picdanie.fr\/wordpress\/wp-content\/uploads\/2023\/12\/Moyens-de-paiement_2.png","type":"","width":"","height":""}],"twitter_card":"summary_large_image","twitter_misc":{"Dur\u00e9e de lecture estim\u00e9e":"1 minute"},"schema":{"@context":"https:\/\/schema.org","@graph":[{"@type":"WebPage","@id":"https:\/\/hebergement-picdanie.fr\/wordpress\/reservation-devis\/","url":"https:\/\/hebergement-picdanie.fr\/wordpress\/reservation-devis\/","name":"R\u00e9servation\/Devis - H\u00e9bergements du Pic d&#039;Anie","isPartOf":{"@id":"https:\/\/hebergement-picdanie.fr\/wordpress\/#website"},"primaryImageOfPage":{"@id":"https:\/\/hebergement-picdanie.fr\/wordpress\/reservation-devis\/#primaryimage"},"image":{"@id":"https:\/\/hebergement-picdanie.fr\/wordpress\/reservation-devis\/#primaryimage"},"thumbnailUrl":"https:\/\/hebergement-picdanie.fr\/wordpress\/wp-content\/uploads\/2023\/12\/Moyens-de-paiement_2.png","datePublished":"2023-11-10T11:01:53+00:00","dateModified":"2026-01-07T14:31:45+00:00","description":"Contactez-nous pour r\u00e9server votre s\u00e9jour \u00e0 LESCUN. Choisissez la location qui vous convient pour profitez de vos vacances.","breadcrumb":{"@id":"https:\/\/hebergement-picdanie.fr\/wordpress\/reservation-devis\/#breadcrumb"},"inLanguage":"fr-FR","potentialAction":[{"@type":"ReadAction","target":["https:\/\/hebergement-picdanie.fr\/wordpress\/reservation-devis\/"]}]},{"@type":"ImageObject","inLanguage":"fr-FR","@id":"https:\/\/hebergement-picdanie.fr\/wordpress\/reservation-devis\/#primaryimage","url":"https:\/\/i0.wp.com\/hebergement-picdanie.fr\/wordpress\/wp-content\/uploads\/2023\/12\/Moyens-de-paiement_2.png?fit=711%2C581&ssl=1","contentUrl":"https:\/\/i0.wp.com\/hebergement-picdanie.fr\/wordpress\/wp-content\/uploads\/2023\/12\/Moyens-de-paiement_2.png?fit=711%2C581&ssl=1","width":711,"height":581},{"@type":"BreadcrumbList","@id":"https:\/\/hebergement-picdanie.fr\/wordpress\/reservation-devis\/#breadcrumb","itemListElement":[{"@type":"ListItem","position":1,"name":"Accueil","item":"https:\/\/hebergement-picdanie.fr\/wordpress\/"},{"@type":"ListItem","position":2,"name":"R\u00e9servation\/Devis"}]},{"@type":"WebSite","@id":"https:\/\/hebergement-picdanie.fr\/wordpress\/#website","url":"https:\/\/hebergement-picdanie.fr\/wordpress\/","name":"H\u00e9bergements du Pic d&#039;Anie","description":"Location de vacances","publisher":{"@id":"https:\/\/hebergement-picdanie.fr\/wordpress\/#organization"},"potentialAction":[{"@type":"SearchAction","target":{"@type":"EntryPoint","urlTemplate":"https:\/\/hebergement-picdanie.fr\/wordpress\/?s={search_term_string}"},"query-input":{"@type":"PropertyValueSpecification","valueRequired":true,"valueName":"search_term_string"}}],"inLanguage":"fr-FR"},{"@type":"Organization","@id":"https:\/\/hebergement-picdanie.fr\/wordpress\/#organization","name":"H\u00e9bergements du Pic d'Anie - LESCUN","url":"https:\/\/hebergement-picdanie.fr\/wordpress\/","logo":{"@type":"ImageObject","inLanguage":"fr-FR","@id":"https:\/\/hebergement-picdanie.fr\/wordpress\/#\/schema\/logo\/image\/","url":"https:\/\/i0.wp.com\/hebergement-picdanie.fr\/wordpress\/wp-content\/uploads\/2024\/01\/Carte_visite_Hebergement_avril19_RECTO.jpg?fit=1004%2C650&ssl=1","contentUrl":"https:\/\/i0.wp.com\/hebergement-picdanie.fr\/wordpress\/wp-content\/uploads\/2024\/01\/Carte_visite_Hebergement_avril19_RECTO.jpg?fit=1004%2C650&ssl=1","width":1004,"height":650,"caption":"H\u00e9bergements du Pic d'Anie - LESCUN"},"image":{"@id":"https:\/\/hebergement-picdanie.fr\/wordpress\/#\/schema\/logo\/image\/"},"sameAs":["https:\/\/fr-fr.facebook.com\/Picdanie\/"]}]}},"uagb_featured_image_src":{"full":false,"thumbnail":false,"medium":false,"medium_large":false,"large":false,"1536x1536":false,"2048x2048":false},"uagb_author_info":{"display_name":"admin","author_link":"https:\/\/hebergement-picdanie.fr\/wordpress\/author\/admin\/"},"uagb_comment_info":0,"uagb_excerpt":"Moyens de paiement accept\u00e9s: Esp\u00e8ces, carte, ANCV, ch\u00e8ques, virement Conditions de location Hiver 2026 R\u00e9server une chambre ou un lit au g\u00eete d&rsquo;\u00e9tape (consulter nos conditions g\u00e9n\u00e9rales de ventes): Pour toutes demandes pour des devis pour des groupes ou utiliser \u00e0 la fois le g\u00eete et les chambres ou plusieurs jours discontinus&#8230; Envoyez simplement un\u2026","jetpack_sharing_enabled":true,"_links":{"self":[{"href":"https:\/\/hebergement-picdanie.fr\/wordpress\/wp-json\/wp\/v2\/pages\/93","targetHints":{"allow":["GET"]}}],"collection":[{"href":"https:\/\/hebergement-picdanie.fr\/wordpress\/wp-json\/wp\/v2\/pages"}],"about":[{"href":"https:\/\/hebergement-picdanie.fr\/wordpress\/wp-json\/wp\/v2\/types\/page"}],"author":[{"embeddable":true,"href":"https:\/\/hebergement-picdanie.fr\/wordpress\/wp-json\/wp\/v2\/users\/1"}],"replies":[{"embeddable":true,"href":"https:\/\/hebergement-picdanie.fr\/wordpress\/wp-json\/wp\/v2\/comments?post=93"}],"version-history":[{"count":37,"href":"https:\/\/hebergement-picdanie.fr\/wordpress\/wp-json\/wp\/v2\/pages\/93\/revisions"}],"predecessor-version":[{"id":833,"href":"https:\/\/hebergement-picdanie.fr\/wordpress\/wp-json\/wp\/v2\/pages\/93\/revisions\/833"}],"wp:attachment":[{"href":"https:\/\/hebergement-picdanie.fr\/wordpress\/wp-json\/wp\/v2\/media?parent=93"}],"curies":[{"name":"wp","href":"https:\/\/api.w.org\/{rel}","templated":true}]}}