{"id":488,"date":"2023-12-08T16:07:22","date_gmt":"2023-12-08T15:07:22","guid":{"rendered":"https:\/\/nouveau.hebergement-picdanie.fr\/wordpress\/?page_id=488"},"modified":"2024-01-11T21:19:46","modified_gmt":"2024-01-11T20:19:46","slug":"conditions-generales-de-vente","status":"publish","type":"page","link":"https:\/\/hebergement-picdanie.fr\/wordpress\/conditions-generales-de-vente\/","title":{"rendered":"Conditions G\u00e9n\u00e9rales de vente"},"content":{"rendered":"\n<h2 class=\"wp-block-heading\">Contrat de location<\/h2>\n\n\n\n<p><br><strong>Article 1 <\/strong>: ce contrat est destin\u00e9 \u00e0 l\u2019usage exclusif de la r\u00e9servation des h\u00e9bergements propos\u00e9s par la SARL Soci\u00e9t\u00e9 du Pic d&rsquo;Anie<br><br><strong>Article 2 <\/strong>&#8211; dur\u00e9e du s\u00e9jour : Le client signataire du pr\u00e9sent contrat conclu pour une dur\u00e9e d\u00e9termin\u00e9e ne pourra en aucune circonstance se<br>pr\u00e9valoir d\u2019un quelconque droit au maintien dans les lieux.<\/p>\n\n\n\n<p><br><strong>Article 3<\/strong> &#8211; conclusion du contrat : <\/p>\n\n\n\n<p>La r\u00e9servation devient effective d\u00e8s lors que le client aura fait parvenir au propri\u00e9taire les arrhes de 25% du<br>montant total du prix du s\u00e9jour. <\/p>\n\n\n\n<p><br><strong>Article 4 <\/strong>\u2013 annulation par le client :<br>a)Toute annulation doit \u00eatre notifi\u00e9e<br>\u2013L&rsquo;acompte reste toujours acquis au propri\u00e9taire.<br>-Si l\u2019annulation intervient moins de 3  jours avant le d\u00e9but du s\u00e9jour, l\u2019acompte reste acquis au propri\u00e9taire qui se r\u00e9serve le droit de<br>r\u00e9clamer le solde du prix de l\u2019h\u00e9bergement.<br>b) Non pr\u00e9sentation du client : Si le client ne se manifeste pas dans les 24 heures qui suivent la date pr\u00e9vue pour l\u2019\u00e9tape ou le d\u00e9but du s\u00e9jour,<br>le pr\u00e9sent contrat devient nul et le propri\u00e9taire peut disposer de son g\u00eete. L\u2019acompte reste acquis au propri\u00e9taire qui demandera le paiement du<br>solde du prix de l\u2019h\u00e9bergement.<br>c) s\u00e9jour \u00e9court\u00e9 : En cas de s\u00e9jour \u00e9court\u00e9, le prix correspondant au co\u00fbt de l\u2019h\u00e9bergement reste acquis au propri\u00e9taire.<br>d) R\u00e9duction de l\u2019effectif des locataires : Sauf accord pr\u00e9alable \u00e9crit du propri\u00e9taire, aucune r\u00e9duction de l\u2019effectif des locataires par rapport \u00e0<br>celui indiqu\u00e9 au pr\u00e9sent contrat ne peut entra\u00eener une r\u00e9duction du prix de la location initialement d\u00e9termin\u00e9.<\/p>\n\n\n\n<p><br><strong>Article 5 <\/strong>\u2013 annulation par le propri\u00e9taire : lorsque avant le d\u00e9but du s\u00e9jour, le propri\u00e9taire annule ce s\u00e9jour, il doit informer le client par lettre<br>recommand\u00e9e avec avis de r\u00e9ception.<br>Le client, sans pr\u00e9juger des recours en r\u00e9paration des dommages \u00e9ventuels subis, sera rembours\u00e9 imm\u00e9diatement des sommes vers\u00e9es. Il recevra en<br>outre une indemnit\u00e9 au moins \u00e9gale \u00e0 la p\u00e9nalit\u00e9 qu\u2019il aurait support\u00e9e si l\u2019annulation \u00e9tait intervenue de son fait \u00e0 cette date.<\/p>\n\n\n\n<p><br><strong>Article 6 <\/strong>\u2013 arriv\u00e9e : Le client doit se pr\u00e9senter le jour pr\u00e9cis\u00e9 aux heures mentionn\u00e9es sur le r\u00e8glement int\u00e9rieur . En cas d\u2019arriv\u00e9e tardive ou diff\u00e9r\u00e9e,<br>le client doit pr\u00e9venir le propri\u00e9taire.<\/p>\n\n\n\n<p><strong>Article 7 <\/strong>\u2013 r\u00e8glement du solde : Le solde est \u00e0 r\u00e9gler en fin de s\u00e9jour ainsi que les consommations et les prestations suppl\u00e9mentaires non<br>mentionn\u00e9es dans le pr\u00e9sent contrat seront \u00e0 r\u00e9gler en fin de s\u00e9jour au propri\u00e9taire.<\/p>\n\n\n\n<p><br><strong>Article 8<\/strong> \u2013 taxe de s\u00e9jour : La taxe de s\u00e9jour est un imp\u00f4t local que le client doit acquitter au propri\u00e9taire qui la reverse ensuite au tr\u00e9sor public.<\/p>\n\n\n\n<p><br><strong>Article 9<\/strong> \u2013 utilisation des lieux : Le client devra assurer le caract\u00e8re paisible de la location et en faire usage conform\u00e9ment \u00e0 la destination des<br>lieux.<\/p>\n\n\n\n<p><br><strong>Article 10 <\/strong>&#8211; animaux : Le pr\u00e9sent contrat pr\u00e9cise si le client peut ou non s\u00e9journer en compagnie d\u2019un animal domestique. En cas de non<br>respect de cette clause par le client, le propri\u00e9taire peut refuser les animaux.<br>Ce refus ne peut en aucun cas \u00eatre consid\u00e9r\u00e9 comme une modification ou une rupture du contrat \u00e0 l\u2019initiative du propri\u00e9taire, de sorte qu\u2019en cas<br>de d\u00e9part du client , aucun remboursement ne peut \u00eatre envisag\u00e9.<\/p>\n\n\n\n<p><br><strong>Article 11<\/strong> \u2013 assurance : Le client est responsable de tous les dommages survenant de son fait . Il est invit\u00e9 \u00e0 souscrire un contrat d\u2019assurance<br>type vill\u00e9giature pour ces diff\u00e9rents risques.<br><\/p>\n","protected":false},"excerpt":{"rendered":"<p>Contrat de location Article 1 : ce contrat est destin\u00e9 \u00e0 l\u2019usage exclusif de la r\u00e9servation des h\u00e9bergements propos\u00e9s par la SARL Soci\u00e9t\u00e9 du Pic d&rsquo;Anie Article 2 &#8211; dur\u00e9e du s\u00e9jour : Le client signataire du pr\u00e9sent contrat conclu pour une dur\u00e9e d\u00e9termin\u00e9e ne pourra en aucune circonstance sepr\u00e9valoir d\u2019un quelconque droit au maintien [&hellip;]<\/p>\n","protected":false},"author":1,"featured_media":0,"parent":0,"menu_order":0,"comment_status":"closed","ping_status":"closed","template":"","meta":{"_uag_custom_page_level_css":"","_monsterinsights_skip_tracking":false,"_monsterinsights_sitenote_active":false,"_monsterinsights_sitenote_note":"","_monsterinsights_sitenote_category":0,"footnotes":""},"class_list":["post-488","page","type-page","status-publish","hentry"],"yoast_head":"<!-- This site is optimized with the Yoast SEO plugin v26.6 - https:\/\/yoast.com\/wordpress\/plugins\/seo\/ -->\n<title>Conditions G\u00e9n\u00e9rales de vente - H\u00e9bergements du Pic d&#039;Anie<\/title>\n<meta name=\"robots\" content=\"index, follow, max-snippet:-1, max-image-preview:large, max-video-preview:-1\" \/>\n<link rel=\"canonical\" href=\"https:\/\/hebergement-picdanie.fr\/wordpress\/conditions-generales-de-vente\/\" \/>\n<meta property=\"og:locale\" content=\"fr_FR\" \/>\n<meta property=\"og:type\" content=\"article\" \/>\n<meta property=\"og:title\" content=\"Conditions G\u00e9n\u00e9rales de vente - H\u00e9bergements du Pic d&#039;Anie\" \/>\n<meta property=\"og:description\" content=\"Contrat de location Article 1 : ce contrat est destin\u00e9 \u00e0 l\u2019usage exclusif de la r\u00e9servation des h\u00e9bergements propos\u00e9s par la SARL Soci\u00e9t\u00e9 du Pic d&rsquo;Anie Article 2 &#8211; dur\u00e9e du s\u00e9jour : Le client signataire du pr\u00e9sent contrat conclu pour une dur\u00e9e d\u00e9termin\u00e9e ne pourra en aucune circonstance sepr\u00e9valoir d\u2019un quelconque droit au maintien [&hellip;]\" \/>\n<meta property=\"og:url\" content=\"https:\/\/hebergement-picdanie.fr\/wordpress\/conditions-generales-de-vente\/\" \/>\n<meta property=\"og:site_name\" content=\"H\u00e9bergements du Pic d&#039;Anie\" \/>\n<meta property=\"article:publisher\" content=\"https:\/\/fr-fr.facebook.com\/Picdanie\/\" \/>\n<meta property=\"article:modified_time\" content=\"2024-01-11T20:19:46+00:00\" \/>\n<meta property=\"og:image\" content=\"https:\/\/i0.wp.com\/hebergement-picdanie.fr\/wordpress\/wp-content\/uploads\/2024\/01\/Carte_visite_Hebergement_avril19_RECTO.jpg?fit=1004%2C650&ssl=1\" \/>\n\t<meta property=\"og:image:width\" content=\"1004\" \/>\n\t<meta property=\"og:image:height\" content=\"650\" \/>\n\t<meta property=\"og:image:type\" content=\"image\/jpeg\" \/>\n<meta name=\"twitter:card\" content=\"summary_large_image\" \/>\n<meta name=\"twitter:label1\" content=\"Dur\u00e9e de lecture estim\u00e9e\" \/>\n\t<meta name=\"twitter:data1\" content=\"3 minutes\" \/>\n<script type=\"application\/ld+json\" class=\"yoast-schema-graph\">{\"@context\":\"https:\/\/schema.org\",\"@graph\":[{\"@type\":\"WebPage\",\"@id\":\"https:\/\/hebergement-picdanie.fr\/wordpress\/conditions-generales-de-vente\/\",\"url\":\"https:\/\/hebergement-picdanie.fr\/wordpress\/conditions-generales-de-vente\/\",\"name\":\"Conditions G\u00e9n\u00e9rales de vente - H\u00e9bergements du Pic d&#039;Anie\",\"isPartOf\":{\"@id\":\"https:\/\/hebergement-picdanie.fr\/wordpress\/#website\"},\"datePublished\":\"2023-12-08T15:07:22+00:00\",\"dateModified\":\"2024-01-11T20:19:46+00:00\",\"breadcrumb\":{\"@id\":\"https:\/\/hebergement-picdanie.fr\/wordpress\/conditions-generales-de-vente\/#breadcrumb\"},\"inLanguage\":\"fr-FR\",\"potentialAction\":[{\"@type\":\"ReadAction\",\"target\":[\"https:\/\/hebergement-picdanie.fr\/wordpress\/conditions-generales-de-vente\/\"]}]},{\"@type\":\"BreadcrumbList\",\"@id\":\"https:\/\/hebergement-picdanie.fr\/wordpress\/conditions-generales-de-vente\/#breadcrumb\",\"itemListElement\":[{\"@type\":\"ListItem\",\"position\":1,\"name\":\"Accueil\",\"item\":\"https:\/\/hebergement-picdanie.fr\/wordpress\/\"},{\"@type\":\"ListItem\",\"position\":2,\"name\":\"Conditions G\u00e9n\u00e9rales de vente\"}]},{\"@type\":\"WebSite\",\"@id\":\"https:\/\/hebergement-picdanie.fr\/wordpress\/#website\",\"url\":\"https:\/\/hebergement-picdanie.fr\/wordpress\/\",\"name\":\"H\u00e9bergements du Pic d&#039;Anie\",\"description\":\"Location de vacances\",\"publisher\":{\"@id\":\"https:\/\/hebergement-picdanie.fr\/wordpress\/#organization\"},\"potentialAction\":[{\"@type\":\"SearchAction\",\"target\":{\"@type\":\"EntryPoint\",\"urlTemplate\":\"https:\/\/hebergement-picdanie.fr\/wordpress\/?s={search_term_string}\"},\"query-input\":{\"@type\":\"PropertyValueSpecification\",\"valueRequired\":true,\"valueName\":\"search_term_string\"}}],\"inLanguage\":\"fr-FR\"},{\"@type\":\"Organization\",\"@id\":\"https:\/\/hebergement-picdanie.fr\/wordpress\/#organization\",\"name\":\"H\u00e9bergements du Pic d'Anie - LESCUN\",\"url\":\"https:\/\/hebergement-picdanie.fr\/wordpress\/\",\"logo\":{\"@type\":\"ImageObject\",\"inLanguage\":\"fr-FR\",\"@id\":\"https:\/\/hebergement-picdanie.fr\/wordpress\/#\/schema\/logo\/image\/\",\"url\":\"https:\/\/i0.wp.com\/hebergement-picdanie.fr\/wordpress\/wp-content\/uploads\/2024\/01\/Carte_visite_Hebergement_avril19_RECTO.jpg?fit=1004%2C650&ssl=1\",\"contentUrl\":\"https:\/\/i0.wp.com\/hebergement-picdanie.fr\/wordpress\/wp-content\/uploads\/2024\/01\/Carte_visite_Hebergement_avril19_RECTO.jpg?fit=1004%2C650&ssl=1\",\"width\":1004,\"height\":650,\"caption\":\"H\u00e9bergements du Pic d'Anie - LESCUN\"},\"image\":{\"@id\":\"https:\/\/hebergement-picdanie.fr\/wordpress\/#\/schema\/logo\/image\/\"},\"sameAs\":[\"https:\/\/fr-fr.facebook.com\/Picdanie\/\"]}]}<\/script>\n<!-- \/ Yoast SEO plugin. -->","yoast_head_json":{"title":"Conditions G\u00e9n\u00e9rales de vente - H\u00e9bergements du Pic d&#039;Anie","robots":{"index":"index","follow":"follow","max-snippet":"max-snippet:-1","max-image-preview":"max-image-preview:large","max-video-preview":"max-video-preview:-1"},"canonical":"https:\/\/hebergement-picdanie.fr\/wordpress\/conditions-generales-de-vente\/","og_locale":"fr_FR","og_type":"article","og_title":"Conditions G\u00e9n\u00e9rales de vente - H\u00e9bergements du Pic d&#039;Anie","og_description":"Contrat de location Article 1 : ce contrat est destin\u00e9 \u00e0 l\u2019usage exclusif de la r\u00e9servation des h\u00e9bergements propos\u00e9s par la SARL Soci\u00e9t\u00e9 du Pic d&rsquo;Anie Article 2 &#8211; dur\u00e9e du s\u00e9jour : Le client signataire du pr\u00e9sent contrat conclu pour une dur\u00e9e d\u00e9termin\u00e9e ne pourra en aucune circonstance sepr\u00e9valoir d\u2019un quelconque droit au maintien [&hellip;]","og_url":"https:\/\/hebergement-picdanie.fr\/wordpress\/conditions-generales-de-vente\/","og_site_name":"H\u00e9bergements du Pic d&#039;Anie","article_publisher":"https:\/\/fr-fr.facebook.com\/Picdanie\/","article_modified_time":"2024-01-11T20:19:46+00:00","og_image":[{"width":1004,"height":650,"url":"https:\/\/i0.wp.com\/hebergement-picdanie.fr\/wordpress\/wp-content\/uploads\/2024\/01\/Carte_visite_Hebergement_avril19_RECTO.jpg?fit=1004%2C650&ssl=1","type":"image\/jpeg"}],"twitter_card":"summary_large_image","twitter_misc":{"Dur\u00e9e de lecture estim\u00e9e":"3 minutes"},"schema":{"@context":"https:\/\/schema.org","@graph":[{"@type":"WebPage","@id":"https:\/\/hebergement-picdanie.fr\/wordpress\/conditions-generales-de-vente\/","url":"https:\/\/hebergement-picdanie.fr\/wordpress\/conditions-generales-de-vente\/","name":"Conditions G\u00e9n\u00e9rales de vente - H\u00e9bergements du Pic d&#039;Anie","isPartOf":{"@id":"https:\/\/hebergement-picdanie.fr\/wordpress\/#website"},"datePublished":"2023-12-08T15:07:22+00:00","dateModified":"2024-01-11T20:19:46+00:00","breadcrumb":{"@id":"https:\/\/hebergement-picdanie.fr\/wordpress\/conditions-generales-de-vente\/#breadcrumb"},"inLanguage":"fr-FR","potentialAction":[{"@type":"ReadAction","target":["https:\/\/hebergement-picdanie.fr\/wordpress\/conditions-generales-de-vente\/"]}]},{"@type":"BreadcrumbList","@id":"https:\/\/hebergement-picdanie.fr\/wordpress\/conditions-generales-de-vente\/#breadcrumb","itemListElement":[{"@type":"ListItem","position":1,"name":"Accueil","item":"https:\/\/hebergement-picdanie.fr\/wordpress\/"},{"@type":"ListItem","position":2,"name":"Conditions G\u00e9n\u00e9rales de vente"}]},{"@type":"WebSite","@id":"https:\/\/hebergement-picdanie.fr\/wordpress\/#website","url":"https:\/\/hebergement-picdanie.fr\/wordpress\/","name":"H\u00e9bergements du Pic d&#039;Anie","description":"Location de vacances","publisher":{"@id":"https:\/\/hebergement-picdanie.fr\/wordpress\/#organization"},"potentialAction":[{"@type":"SearchAction","target":{"@type":"EntryPoint","urlTemplate":"https:\/\/hebergement-picdanie.fr\/wordpress\/?s={search_term_string}"},"query-input":{"@type":"PropertyValueSpecification","valueRequired":true,"valueName":"search_term_string"}}],"inLanguage":"fr-FR"},{"@type":"Organization","@id":"https:\/\/hebergement-picdanie.fr\/wordpress\/#organization","name":"H\u00e9bergements du Pic d'Anie - LESCUN","url":"https:\/\/hebergement-picdanie.fr\/wordpress\/","logo":{"@type":"ImageObject","inLanguage":"fr-FR","@id":"https:\/\/hebergement-picdanie.fr\/wordpress\/#\/schema\/logo\/image\/","url":"https:\/\/i0.wp.com\/hebergement-picdanie.fr\/wordpress\/wp-content\/uploads\/2024\/01\/Carte_visite_Hebergement_avril19_RECTO.jpg?fit=1004%2C650&ssl=1","contentUrl":"https:\/\/i0.wp.com\/hebergement-picdanie.fr\/wordpress\/wp-content\/uploads\/2024\/01\/Carte_visite_Hebergement_avril19_RECTO.jpg?fit=1004%2C650&ssl=1","width":1004,"height":650,"caption":"H\u00e9bergements du Pic d'Anie - LESCUN"},"image":{"@id":"https:\/\/hebergement-picdanie.fr\/wordpress\/#\/schema\/logo\/image\/"},"sameAs":["https:\/\/fr-fr.facebook.com\/Picdanie\/"]}]}},"uagb_featured_image_src":{"full":false,"thumbnail":false,"medium":false,"medium_large":false,"large":false,"1536x1536":false,"2048x2048":false},"uagb_author_info":{"display_name":"admin","author_link":"https:\/\/hebergement-picdanie.fr\/wordpress\/author\/admin\/"},"uagb_comment_info":0,"uagb_excerpt":"Contrat de location Article 1 : ce contrat est destin\u00e9 \u00e0 l\u2019usage exclusif de la r\u00e9servation des h\u00e9bergements propos\u00e9s par la SARL Soci\u00e9t\u00e9 du Pic d&rsquo;Anie Article 2 &#8211; dur\u00e9e du s\u00e9jour : Le client signataire du pr\u00e9sent contrat conclu pour une dur\u00e9e d\u00e9termin\u00e9e ne pourra en aucune circonstance sepr\u00e9valoir d\u2019un quelconque droit au maintien\u2026","jetpack_sharing_enabled":true,"_links":{"self":[{"href":"https:\/\/hebergement-picdanie.fr\/wordpress\/wp-json\/wp\/v2\/pages\/488","targetHints":{"allow":["GET"]}}],"collection":[{"href":"https:\/\/hebergement-picdanie.fr\/wordpress\/wp-json\/wp\/v2\/pages"}],"about":[{"href":"https:\/\/hebergement-picdanie.fr\/wordpress\/wp-json\/wp\/v2\/types\/page"}],"author":[{"embeddable":true,"href":"https:\/\/hebergement-picdanie.fr\/wordpress\/wp-json\/wp\/v2\/users\/1"}],"replies":[{"embeddable":true,"href":"https:\/\/hebergement-picdanie.fr\/wordpress\/wp-json\/wp\/v2\/comments?post=488"}],"version-history":[{"count":4,"href":"https:\/\/hebergement-picdanie.fr\/wordpress\/wp-json\/wp\/v2\/pages\/488\/revisions"}],"predecessor-version":[{"id":607,"href":"https:\/\/hebergement-picdanie.fr\/wordpress\/wp-json\/wp\/v2\/pages\/488\/revisions\/607"}],"wp:attachment":[{"href":"https:\/\/hebergement-picdanie.fr\/wordpress\/wp-json\/wp\/v2\/media?parent=488"}],"curies":[{"name":"wp","href":"https:\/\/api.w.org\/{rel}","templated":true}]}}