{"id":245,"date":"2023-11-24T15:55:49","date_gmt":"2023-11-24T14:55:49","guid":{"rendered":"https:\/\/nouveau.hebergement-picdanie.fr\/wordpress\/?page_id=245"},"modified":"2026-01-09T17:28:19","modified_gmt":"2026-01-09T16:28:19","slug":"tarifs-2024","status":"publish","type":"page","link":"https:\/\/hebergement-picdanie.fr\/wordpress\/tarifs-2024\/","title":{"rendered":"Tarifs 2026"},"content":{"rendered":"\n<div class=\"wp-block-columns is-layout-flex wp-container-core-columns-is-layout-7fc3d43a wp-block-columns-is-layout-flex\">\n<div class=\"wp-block-column is-layout-flow wp-container-core-column-is-layout-1f213a1e wp-block-column-is-layout-flow\" style=\"border-style:none;border-width:0px;border-top-left-radius:0px;border-top-right-radius:0px;border-bottom-left-radius:0px;border-bottom-right-radius:0px;padding-right:0;padding-left:0;flex-basis:25%\">\n<div class=\"wp-block-uagb-container uagb-layout-grid uagb-block-08c9bbde alignwide uagb-is-root-container\">\n<div class=\"wp-block-group is-horizontal is-content-justification-center is-layout-flex wp-container-core-group-is-layout-bf584bbf wp-block-group-is-layout-flex\" style=\"border-style:none;border-width:0px\">\n<h4 class=\"wp-block-heading has-text-align-center has-body-text-font-size\" style=\"margin-right:0;margin-left:0\">Moyens de paiement accept\u00e9s<\/h4>\n\n\n\n<div class=\"wp-block-uagb-image aligncenter uagb-block-bf646bc6 wp-block-uagb-image--layout-default wp-block-uagb-image--effect-static wp-block-uagb-image--align-center\"><figure class=\"wp-block-uagb-image__figure\"><img data-recalc-dims=\"1\" decoding=\"async\" srcset=\"https:\/\/hebergement-picdanie.fr\/wordpress\/wp-content\/uploads\/2023\/12\/Moyens-de-paiement_2.png ,https:\/\/nouveau.hebergement-picdanie.fr\/wordpress\/wp-content\/uploads\/2023\/12\/Moyens-de-paiement_2.png 780w, https:\/\/nouveau.hebergement-picdanie.fr\/wordpress\/wp-content\/uploads\/2023\/12\/Moyens-de-paiement_2.png 360w\" sizes=\"auto, (max-width: 480px) 150px\" src=\"https:\/\/i0.wp.com\/hebergement-picdanie.fr\/wordpress\/wp-content\/uploads\/2023\/12\/Moyens-de-paiement_2.png?resize=263%2C215&#038;ssl=1\" alt=\"moyens de paiement accept\u00e9s\" class=\"uag-image-369\" width=\"263\" height=\"215\" title=\"\" loading=\"lazy\" role=\"img\"\/><figcaption class=\"uagb-image-caption\">Esp\u00e8ces, carte, ANCV, ch\u00e8ques, virement<\/figcaption><\/figure><\/div>\n<\/div>\n<\/div>\n<\/div>\n\n\n\n<div class=\"wp-block-column has-global-padding is-layout-constrained wp-container-core-column-is-layout-520232fb wp-block-column-is-layout-constrained\" style=\"padding-right:0;padding-left:0;flex-basis:70%\">\n<div class=\"wp-block-uagb-container uagb-block-6668b426\">\n<h3 class=\"wp-block-heading\" style=\"margin-top:var(--wp--preset--spacing--30);margin-bottom:var(--wp--preset--spacing--30)\">Chambres d&rsquo;h\u00f4tes<\/h3>\n\n\n\n<ul class=\"wp-block-list\">\n<li>linge de maison et de toilette est fourni<\/li>\n\n\n\n<li>salle de bain avec toilettes privative<\/li>\n\n\n\n<li>m\u00e9nage quotidien des chambres et sanitaires peut \u00eatre effectu\u00e9<\/li>\n\n\n\n<li>acc\u00e8s au r\u00e9seau par wi-fi est disponible dans toutes les chambres<\/li>\n\n\n\n<li>avec ou sans formule demi-pension<\/li>\n\n\n\n<li>option de pr\u00e9paration de pique nique <\/li>\n<\/ul>\n\n\n\n<p class=\"has-text-align-center\" style=\"margin-top:var(--wp--preset--spacing--30);margin-bottom:var(--wp--preset--spacing--30)\"><strong>Les chambres d&rsquo;h\u00f4tes sont disponibles \u00e0 partir de 16 heures et nous vous remercions de les lib\u00e9rer le matin du d\u00e9part avant 10 heures.<\/strong><\/p>\n\n\n\n<div class=\"wp-block-uagb-advanced-heading uagb-block-50d72c98\"><h4 class=\"uagb-heading-text\"><strong>Tarifs chambre par nuit\u00e9e<\/strong><\/h4><\/div>\n\n\n\n<figure class=\"wp-block-table alignleft is-style-stripes\"><table class=\"has-background\" style=\"background-color:#abb7c2a1\"><thead><tr><th>Tarifs par nuit\u00e9e<\/th><th class=\"has-text-align-center\" data-align=\"center\">Basse saison<\/th><th class=\"has-text-align-center\" data-align=\"center\">Moyenne saison <br>(vacances scolaire, Juin et Septembre)<\/th><th class=\"has-text-align-center\" data-align=\"center\">Haute saison (Juillet, Ao\u00fbt)<\/th><\/tr><\/thead><tbody><tr><td>Tarif chambre pour 1-2 personnes.<br><em><sub> (Lit double ou 2 lit jumeaux)<\/sub><\/em><\/td><td class=\"has-text-align-center\" data-align=\"center\">60 \u20ac<\/td><td class=\"has-text-align-center\" data-align=\"center\">67 \u20ac<\/td><td class=\"has-text-align-center\" data-align=\"center\">72 \u20ac<\/td><\/tr><tr><td>Tarif chambre triple.<br>(3 lit ou lit double +lit simple)<\/td><td class=\"has-text-align-center\" data-align=\"center\">80 \u20ac<\/td><td class=\"has-text-align-center\" data-align=\"center\">87 \u20ac<\/td><td class=\"has-text-align-center\" data-align=\"center\">92 \u20ac<\/td><\/tr><\/tbody><\/table><\/figure>\n\n\n\n<p><\/p>\n\n\n\n<p><strong>A partir de 3 nuit\u00e9es, -5% sur le prix de la chambre<\/strong>.<\/p>\n\n\n\n<p style=\"margin-top:0px;margin-bottom:0px;padding-top:0px;padding-bottom:0px\"><em>Une taxe de s\u00e9jour de la communaut\u00e9 des communes s&rsquo;ajoute par nuit et par personne (dispens\u00e9s jusqu&rsquo;\u00e0 18 ans) de 0.8\u20ac.<\/em><\/p>\n\n\n\n<div class=\"wp-block-uagb-advanced-heading uagb-block-4d69ae44\"><h4 class=\"uagb-heading-text\"><strong>Tarifs restauration par personne<\/strong><\/h4><\/div>\n\n\n\n<figure class=\"wp-block-table is-style-stripes has-body-text-font-size\" style=\"font-style:normal;font-weight:300\"><table class=\"has-background\" style=\"background-color:#abb7c266\"><thead><tr><th class=\"has-text-align-center\" data-align=\"center\">A ajouter au prix de la chambre:<\/th><th class=\"has-text-align-center\" data-align=\"center\">Petit d\u00e9jeuner\/ personne<\/th><th class=\"has-text-align-center\" data-align=\"center\">D\u00eener\/ personne<\/th><th class=\"has-text-align-center\" data-align=\"center\">Formule petit d\u00e9jeuner + d\u00eener<\/th><\/tr><\/thead><tbody><tr><td class=\"has-text-align-center\" data-align=\"center\">Prix<\/td><td class=\"has-text-align-center\" data-align=\"center\">+10 \u20ac<\/td><td class=\"has-text-align-center\" data-align=\"center\">+20\u20ac<\/td><td class=\"has-text-align-center\" data-align=\"center\">+28\u20ac<\/td><\/tr><\/tbody><\/table><\/figure>\n\n\n\n<p><em>Pour les enfants de -10 ans -50% sur la demi pension.<\/em><\/p>\n\n\n\n<p class=\"has-text-align-center has-regular-font-size\"><br><a href=\"https:\/\/nouveau.hebergement-picdanie.fr\/wordpress\/?page_id=93\">R\u00e9servation et disponibilit\u00e9<\/a><\/p>\n<\/div>\n\n\n\n<hr class=\"wp-block-separator has-alpha-channel-opacity is-style-default\" style=\"margin-top:var(--wp--preset--spacing--40);margin-bottom:var(--wp--preset--spacing--40)\"\/>\n\n\n\n<div class=\"wp-block-uagb-container uagb-block-e496408d\">\n<h3 class=\"wp-block-heading\" style=\"margin-top:var(--wp--preset--spacing--30);margin-bottom:var(--wp--preset--spacing--30)\">Dortoir: g<em>\u00eete d&rsquo;\u00e9tape<\/em>\/g\u00eete de groupe<\/h3>\n\n\n\n<p>Le g\u00eete d&rsquo;\u00e9tape est propos\u00e9 en gestion libre avec une cuisine \u00e9quip\u00e9e \u00e0 disposition, ou demi pension ou pension compl\u00e8te.<br>Nous proposons le petit d\u00e9jeuner et le d\u00eener sur la m\u00eame formule que en chambre d&rsquo;h\u00f4tes.<\/p>\n\n\n\n<p><strong> N&rsquo;h\u00e9sitez pas \u00e0 nous demander de vous pr\u00e9parer un pique nique la journ\u00e9e!<\/strong><\/p>\n\n\n\n<figure class=\"wp-block-table is-style-stripes\" style=\"line-height:1.3\"><table class=\"has-background\" style=\"background-color:#abb7c266\"><thead><tr><th class=\"has-text-align-center\" data-align=\"center\">Tarif nuit\u00e9e seule<\/th><th class=\"has-text-align-center\" data-align=\"center\">Nuit\u00e9e+ Petit d\u00e9jeuner<\/th><th class=\"has-text-align-center\" data-align=\"center\">Nuit\u00e9e demi-pension<\/th><th class=\"has-text-align-center\" data-align=\"center\">Nuit\u00e9e pension compl\u00e8te (pique nique)<\/th><\/tr><\/thead><tbody><tr><td class=\"has-text-align-center\" data-align=\"center\">18\u20ac\/personne<\/td><td class=\"has-text-align-center\" data-align=\"center\">28\u20ac\/personne<\/td><td class=\"has-text-align-center\" data-align=\"center\">46\u20ac\/personne<\/td><td class=\"has-text-align-center\" data-align=\"center\">55\u20ac\/personne<\/td><\/tr><tr><\/tr><\/tbody><\/table><figcaption class=\"wp-element-caption\">Tarifs g\u00eete d&rsquo;\u00e9tape<\/figcaption><\/figure>\n\n\n\n<p><em>Une taxe de s\u00e9jour de la communaut\u00e9 des communes s&rsquo;ajoute par nuit et par personne (dispens\u00e9s jusqu&rsquo;\u00e0 18 ans) de 0.8\u20ac.<\/em><\/p>\n\n\n\n<p class=\"has-text-align-center has-regular-font-size\"><br><a href=\"https:\/\/nouveau.hebergement-picdanie.fr\/wordpress\/?page_id=93\">R\u00e9servation et disponibilit\u00e9<\/a><\/p>\n<\/div>\n\n\n\n<hr class=\"wp-block-separator has-alpha-channel-opacity is-style-default\" style=\"margin-top:var(--wp--preset--spacing--40);margin-bottom:var(--wp--preset--spacing--40)\"\/>\n\n\n\n<div class=\"wp-block-uagb-container uagb-block-a1cb77f0\">\n<h3 class=\"wp-block-heading\" style=\"margin-top:var(--wp--preset--spacing--30);margin-bottom:var(--wp--preset--spacing--30)\"><em>Appartements<\/em><\/h3>\n\n\n\n<p>Les 2 appartements peuvent \u00eatre lou\u00e9s \u00e0 la semaine au minimum sur l&rsquo;\u00e9t\u00e9, et 3 jours minimum le reste de l&rsquo;ann\u00e9e.<\/p>\n\n\n\n<figure class=\"wp-block-table is-style-stripes\" style=\"line-height:1.3\"><table class=\"has-background\" style=\"background-color:#abb7c266\"><thead><tr><th class=\"has-text-align-center\" data-align=\"center\">G\u00eete (tarifs par nuit, \u00e0 multiplier par le nombre de nuits)<\/th><th class=\"has-text-align-center\" data-align=\"center\">Basse saison<\/th><th class=\"has-text-align-center\" data-align=\"center\">Moyenne saison<\/th><th class=\"has-text-align-center\" data-align=\"center\">Haute saison<\/th><\/tr><\/thead><tbody><tr><td class=\"has-text-align-center\" data-align=\"center\">Petit g\u00eete 2 personnes<\/td><td class=\"has-text-align-center\" data-align=\"center\">45\u20ac\/nuit<\/td><td class=\"has-text-align-center\" data-align=\"center\">55\u20ac\/nuit<\/td><td class=\"has-text-align-center\" data-align=\"center\">65\u20ac\/nuit<\/td><\/tr><tr><td class=\"has-text-align-center\" data-align=\"center\">Grand g\u00eete 4 personnes<\/td><td class=\"has-text-align-center\" data-align=\"center\">55\u20ac\/nuit<\/td><td class=\"has-text-align-center\" data-align=\"center\">65\u20ac\/nuit<\/td><td class=\"has-text-align-center\" data-align=\"center\">75\u20ac\/nuit<\/td><\/tr><tr><\/tr><\/tbody><\/table><figcaption class=\"wp-element-caption\">Tarifs appartements<\/figcaption><\/figure>\n\n\n\n<p><em>Une taxe de s\u00e9jour de la communaut\u00e9 des communes s&rsquo;ajoute par nuit et par personne (dispens\u00e9s jusqu&rsquo;\u00e0 18 ans) <\/em> selon le prix de la location.<\/p>\n<\/div>\n<\/div>\n<\/div>\n","protected":false},"excerpt":{"rendered":"<p>Moyens de paiement accept\u00e9s Chambres d&rsquo;h\u00f4tes Les chambres d&rsquo;h\u00f4tes sont disponibles \u00e0 partir de 16 heures et nous vous remercions de les lib\u00e9rer le matin du d\u00e9part avant 10 heures. Tarifs chambre par nuit\u00e9e Tarifs par nuit\u00e9e Basse saison Moyenne saison (vacances scolaire, Juin et Septembre) Haute saison (Juillet, Ao\u00fbt) Tarif chambre pour 1-2 personnes. [&hellip;]<\/p>\n","protected":false},"author":1,"featured_media":0,"parent":0,"menu_order":0,"comment_status":"closed","ping_status":"closed","template":"","meta":{"_uag_custom_page_level_css":"","_monsterinsights_skip_tracking":false,"_monsterinsights_sitenote_active":false,"_monsterinsights_sitenote_note":"","_monsterinsights_sitenote_category":0,"footnotes":""},"class_list":["post-245","page","type-page","status-publish","hentry"],"yoast_head":"<!-- This site is optimized with the Yoast SEO plugin v26.6 - https:\/\/yoast.com\/wordpress\/plugins\/seo\/ -->\n<title>Tarifs 2026 - H\u00e9bergements du Pic d&#039;Anie<\/title>\n<meta name=\"robots\" content=\"index, follow, max-snippet:-1, max-image-preview:large, max-video-preview:-1\" \/>\n<link rel=\"canonical\" href=\"https:\/\/hebergement-picdanie.fr\/wordpress\/tarifs-2024\/\" \/>\n<meta property=\"og:locale\" content=\"fr_FR\" \/>\n<meta property=\"og:type\" content=\"article\" \/>\n<meta property=\"og:title\" content=\"Tarifs 2026 - H\u00e9bergements du Pic d&#039;Anie\" \/>\n<meta property=\"og:description\" content=\"Moyens de paiement accept\u00e9s Chambres d&rsquo;h\u00f4tes Les chambres d&rsquo;h\u00f4tes sont disponibles \u00e0 partir de 16 heures et nous vous remercions de les lib\u00e9rer le matin du d\u00e9part avant 10 heures. Tarifs chambre par nuit\u00e9e Tarifs par nuit\u00e9e Basse saison Moyenne saison (vacances scolaire, Juin et Septembre) Haute saison (Juillet, Ao\u00fbt) Tarif chambre pour 1-2 personnes. [&hellip;]\" \/>\n<meta property=\"og:url\" content=\"https:\/\/hebergement-picdanie.fr\/wordpress\/tarifs-2024\/\" \/>\n<meta property=\"og:site_name\" content=\"H\u00e9bergements du Pic d&#039;Anie\" \/>\n<meta property=\"article:publisher\" content=\"https:\/\/fr-fr.facebook.com\/Picdanie\/\" \/>\n<meta property=\"article:modified_time\" content=\"2026-01-09T16:28:19+00:00\" \/>\n<meta property=\"og:image\" content=\"https:\/\/hebergement-picdanie.fr\/wordpress\/wp-content\/uploads\/2023\/12\/Moyens-de-paiement_2.png\" \/>\n<meta name=\"twitter:card\" content=\"summary_large_image\" \/>\n<meta name=\"twitter:label1\" content=\"Dur\u00e9e de lecture estim\u00e9e\" \/>\n\t<meta name=\"twitter:data1\" content=\"3 minutes\" \/>\n<script type=\"application\/ld+json\" class=\"yoast-schema-graph\">{\"@context\":\"https:\/\/schema.org\",\"@graph\":[{\"@type\":\"WebPage\",\"@id\":\"https:\/\/hebergement-picdanie.fr\/wordpress\/tarifs-2024\/\",\"url\":\"https:\/\/hebergement-picdanie.fr\/wordpress\/tarifs-2024\/\",\"name\":\"Tarifs 2026 - H\u00e9bergements du Pic d&#039;Anie\",\"isPartOf\":{\"@id\":\"https:\/\/hebergement-picdanie.fr\/wordpress\/#website\"},\"primaryImageOfPage\":{\"@id\":\"https:\/\/hebergement-picdanie.fr\/wordpress\/tarifs-2024\/#primaryimage\"},\"image\":{\"@id\":\"https:\/\/hebergement-picdanie.fr\/wordpress\/tarifs-2024\/#primaryimage\"},\"thumbnailUrl\":\"https:\/\/hebergement-picdanie.fr\/wordpress\/wp-content\/uploads\/2023\/12\/Moyens-de-paiement_2.png\",\"datePublished\":\"2023-11-24T14:55:49+00:00\",\"dateModified\":\"2026-01-09T16:28:19+00:00\",\"breadcrumb\":{\"@id\":\"https:\/\/hebergement-picdanie.fr\/wordpress\/tarifs-2024\/#breadcrumb\"},\"inLanguage\":\"fr-FR\",\"potentialAction\":[{\"@type\":\"ReadAction\",\"target\":[\"https:\/\/hebergement-picdanie.fr\/wordpress\/tarifs-2024\/\"]}]},{\"@type\":\"ImageObject\",\"inLanguage\":\"fr-FR\",\"@id\":\"https:\/\/hebergement-picdanie.fr\/wordpress\/tarifs-2024\/#primaryimage\",\"url\":\"https:\/\/i0.wp.com\/hebergement-picdanie.fr\/wordpress\/wp-content\/uploads\/2023\/12\/Moyens-de-paiement_2.png?fit=711%2C581&ssl=1\",\"contentUrl\":\"https:\/\/i0.wp.com\/hebergement-picdanie.fr\/wordpress\/wp-content\/uploads\/2023\/12\/Moyens-de-paiement_2.png?fit=711%2C581&ssl=1\",\"width\":711,\"height\":581},{\"@type\":\"BreadcrumbList\",\"@id\":\"https:\/\/hebergement-picdanie.fr\/wordpress\/tarifs-2024\/#breadcrumb\",\"itemListElement\":[{\"@type\":\"ListItem\",\"position\":1,\"name\":\"Accueil\",\"item\":\"https:\/\/hebergement-picdanie.fr\/wordpress\/\"},{\"@type\":\"ListItem\",\"position\":2,\"name\":\"Tarifs 2026\"}]},{\"@type\":\"WebSite\",\"@id\":\"https:\/\/hebergement-picdanie.fr\/wordpress\/#website\",\"url\":\"https:\/\/hebergement-picdanie.fr\/wordpress\/\",\"name\":\"H\u00e9bergements du Pic d&#039;Anie\",\"description\":\"Location de vacances\",\"publisher\":{\"@id\":\"https:\/\/hebergement-picdanie.fr\/wordpress\/#organization\"},\"potentialAction\":[{\"@type\":\"SearchAction\",\"target\":{\"@type\":\"EntryPoint\",\"urlTemplate\":\"https:\/\/hebergement-picdanie.fr\/wordpress\/?s={search_term_string}\"},\"query-input\":{\"@type\":\"PropertyValueSpecification\",\"valueRequired\":true,\"valueName\":\"search_term_string\"}}],\"inLanguage\":\"fr-FR\"},{\"@type\":\"Organization\",\"@id\":\"https:\/\/hebergement-picdanie.fr\/wordpress\/#organization\",\"name\":\"H\u00e9bergements du Pic d'Anie - LESCUN\",\"url\":\"https:\/\/hebergement-picdanie.fr\/wordpress\/\",\"logo\":{\"@type\":\"ImageObject\",\"inLanguage\":\"fr-FR\",\"@id\":\"https:\/\/hebergement-picdanie.fr\/wordpress\/#\/schema\/logo\/image\/\",\"url\":\"https:\/\/i0.wp.com\/hebergement-picdanie.fr\/wordpress\/wp-content\/uploads\/2024\/01\/Carte_visite_Hebergement_avril19_RECTO.jpg?fit=1004%2C650&ssl=1\",\"contentUrl\":\"https:\/\/i0.wp.com\/hebergement-picdanie.fr\/wordpress\/wp-content\/uploads\/2024\/01\/Carte_visite_Hebergement_avril19_RECTO.jpg?fit=1004%2C650&ssl=1\",\"width\":1004,\"height\":650,\"caption\":\"H\u00e9bergements du Pic d'Anie - LESCUN\"},\"image\":{\"@id\":\"https:\/\/hebergement-picdanie.fr\/wordpress\/#\/schema\/logo\/image\/\"},\"sameAs\":[\"https:\/\/fr-fr.facebook.com\/Picdanie\/\"]}]}<\/script>\n<!-- \/ Yoast SEO plugin. -->","yoast_head_json":{"title":"Tarifs 2026 - H\u00e9bergements du Pic d&#039;Anie","robots":{"index":"index","follow":"follow","max-snippet":"max-snippet:-1","max-image-preview":"max-image-preview:large","max-video-preview":"max-video-preview:-1"},"canonical":"https:\/\/hebergement-picdanie.fr\/wordpress\/tarifs-2024\/","og_locale":"fr_FR","og_type":"article","og_title":"Tarifs 2026 - H\u00e9bergements du Pic d&#039;Anie","og_description":"Moyens de paiement accept\u00e9s Chambres d&rsquo;h\u00f4tes Les chambres d&rsquo;h\u00f4tes sont disponibles \u00e0 partir de 16 heures et nous vous remercions de les lib\u00e9rer le matin du d\u00e9part avant 10 heures. Tarifs chambre par nuit\u00e9e Tarifs par nuit\u00e9e Basse saison Moyenne saison (vacances scolaire, Juin et Septembre) Haute saison (Juillet, Ao\u00fbt) Tarif chambre pour 1-2 personnes. [&hellip;]","og_url":"https:\/\/hebergement-picdanie.fr\/wordpress\/tarifs-2024\/","og_site_name":"H\u00e9bergements du Pic d&#039;Anie","article_publisher":"https:\/\/fr-fr.facebook.com\/Picdanie\/","article_modified_time":"2026-01-09T16:28:19+00:00","og_image":[{"url":"https:\/\/hebergement-picdanie.fr\/wordpress\/wp-content\/uploads\/2023\/12\/Moyens-de-paiement_2.png","type":"","width":"","height":""}],"twitter_card":"summary_large_image","twitter_misc":{"Dur\u00e9e de lecture estim\u00e9e":"3 minutes"},"schema":{"@context":"https:\/\/schema.org","@graph":[{"@type":"WebPage","@id":"https:\/\/hebergement-picdanie.fr\/wordpress\/tarifs-2024\/","url":"https:\/\/hebergement-picdanie.fr\/wordpress\/tarifs-2024\/","name":"Tarifs 2026 - H\u00e9bergements du Pic d&#039;Anie","isPartOf":{"@id":"https:\/\/hebergement-picdanie.fr\/wordpress\/#website"},"primaryImageOfPage":{"@id":"https:\/\/hebergement-picdanie.fr\/wordpress\/tarifs-2024\/#primaryimage"},"image":{"@id":"https:\/\/hebergement-picdanie.fr\/wordpress\/tarifs-2024\/#primaryimage"},"thumbnailUrl":"https:\/\/hebergement-picdanie.fr\/wordpress\/wp-content\/uploads\/2023\/12\/Moyens-de-paiement_2.png","datePublished":"2023-11-24T14:55:49+00:00","dateModified":"2026-01-09T16:28:19+00:00","breadcrumb":{"@id":"https:\/\/hebergement-picdanie.fr\/wordpress\/tarifs-2024\/#breadcrumb"},"inLanguage":"fr-FR","potentialAction":[{"@type":"ReadAction","target":["https:\/\/hebergement-picdanie.fr\/wordpress\/tarifs-2024\/"]}]},{"@type":"ImageObject","inLanguage":"fr-FR","@id":"https:\/\/hebergement-picdanie.fr\/wordpress\/tarifs-2024\/#primaryimage","url":"https:\/\/i0.wp.com\/hebergement-picdanie.fr\/wordpress\/wp-content\/uploads\/2023\/12\/Moyens-de-paiement_2.png?fit=711%2C581&ssl=1","contentUrl":"https:\/\/i0.wp.com\/hebergement-picdanie.fr\/wordpress\/wp-content\/uploads\/2023\/12\/Moyens-de-paiement_2.png?fit=711%2C581&ssl=1","width":711,"height":581},{"@type":"BreadcrumbList","@id":"https:\/\/hebergement-picdanie.fr\/wordpress\/tarifs-2024\/#breadcrumb","itemListElement":[{"@type":"ListItem","position":1,"name":"Accueil","item":"https:\/\/hebergement-picdanie.fr\/wordpress\/"},{"@type":"ListItem","position":2,"name":"Tarifs 2026"}]},{"@type":"WebSite","@id":"https:\/\/hebergement-picdanie.fr\/wordpress\/#website","url":"https:\/\/hebergement-picdanie.fr\/wordpress\/","name":"H\u00e9bergements du Pic d&#039;Anie","description":"Location de vacances","publisher":{"@id":"https:\/\/hebergement-picdanie.fr\/wordpress\/#organization"},"potentialAction":[{"@type":"SearchAction","target":{"@type":"EntryPoint","urlTemplate":"https:\/\/hebergement-picdanie.fr\/wordpress\/?s={search_term_string}"},"query-input":{"@type":"PropertyValueSpecification","valueRequired":true,"valueName":"search_term_string"}}],"inLanguage":"fr-FR"},{"@type":"Organization","@id":"https:\/\/hebergement-picdanie.fr\/wordpress\/#organization","name":"H\u00e9bergements du Pic d'Anie - LESCUN","url":"https:\/\/hebergement-picdanie.fr\/wordpress\/","logo":{"@type":"ImageObject","inLanguage":"fr-FR","@id":"https:\/\/hebergement-picdanie.fr\/wordpress\/#\/schema\/logo\/image\/","url":"https:\/\/i0.wp.com\/hebergement-picdanie.fr\/wordpress\/wp-content\/uploads\/2024\/01\/Carte_visite_Hebergement_avril19_RECTO.jpg?fit=1004%2C650&ssl=1","contentUrl":"https:\/\/i0.wp.com\/hebergement-picdanie.fr\/wordpress\/wp-content\/uploads\/2024\/01\/Carte_visite_Hebergement_avril19_RECTO.jpg?fit=1004%2C650&ssl=1","width":1004,"height":650,"caption":"H\u00e9bergements du Pic d'Anie - LESCUN"},"image":{"@id":"https:\/\/hebergement-picdanie.fr\/wordpress\/#\/schema\/logo\/image\/"},"sameAs":["https:\/\/fr-fr.facebook.com\/Picdanie\/"]}]}},"uagb_featured_image_src":{"full":false,"thumbnail":false,"medium":false,"medium_large":false,"large":false,"1536x1536":false,"2048x2048":false},"uagb_author_info":{"display_name":"admin","author_link":"https:\/\/hebergement-picdanie.fr\/wordpress\/author\/admin\/"},"uagb_comment_info":0,"uagb_excerpt":"Moyens de paiement accept\u00e9s Chambres d&rsquo;h\u00f4tes Les chambres d&rsquo;h\u00f4tes sont disponibles \u00e0 partir de 16 heures et nous vous remercions de les lib\u00e9rer le matin du d\u00e9part avant 10 heures. Tarifs chambre par nuit\u00e9e Tarifs par nuit\u00e9e Basse saison Moyenne saison (vacances scolaire, Juin et Septembre) Haute saison (Juillet, Ao\u00fbt) Tarif chambre pour 1-2 personnes.\u2026","jetpack_sharing_enabled":true,"_links":{"self":[{"href":"https:\/\/hebergement-picdanie.fr\/wordpress\/wp-json\/wp\/v2\/pages\/245","targetHints":{"allow":["GET"]}}],"collection":[{"href":"https:\/\/hebergement-picdanie.fr\/wordpress\/wp-json\/wp\/v2\/pages"}],"about":[{"href":"https:\/\/hebergement-picdanie.fr\/wordpress\/wp-json\/wp\/v2\/types\/page"}],"author":[{"embeddable":true,"href":"https:\/\/hebergement-picdanie.fr\/wordpress\/wp-json\/wp\/v2\/users\/1"}],"replies":[{"embeddable":true,"href":"https:\/\/hebergement-picdanie.fr\/wordpress\/wp-json\/wp\/v2\/comments?post=245"}],"version-history":[{"count":65,"href":"https:\/\/hebergement-picdanie.fr\/wordpress\/wp-json\/wp\/v2\/pages\/245\/revisions"}],"predecessor-version":[{"id":913,"href":"https:\/\/hebergement-picdanie.fr\/wordpress\/wp-json\/wp\/v2\/pages\/245\/revisions\/913"}],"wp:attachment":[{"href":"https:\/\/hebergement-picdanie.fr\/wordpress\/wp-json\/wp\/v2\/media?parent=245"}],"curies":[{"name":"wp","href":"https:\/\/api.w.org\/{rel}","templated":true}]}}